{"id":89220,"date":"2023-12-29T13:16:14","date_gmt":"2023-12-29T16:16:14","guid":{"rendered":"https:\/\/www.argensend.com\/?post_type=product&#038;p=89220"},"modified":"2025-11-05T08:57:33","modified_gmt":"2025-11-05T11:57:33","slug":"jorgito-alfajor-de-chocolate-con-dulce-de-leche","status":"publish","type":"product","link":"https:\/\/www.argensend.com\/en\/product\/jorgito-alfajor-de-chocolate-con-dulce-de-leche\/","title":{"rendered":"Jorgito &#8211; Alfajor de Chocolate con Dulce de Leche"},"content":{"rendered":"","protected":false},"excerpt":{"rendered":"<p>El cl\u00e1sico de los argentinos. Cuando hablamos de Alfajor, pensamos en \u00e9l: El cl\u00e1sico indiscutible que representa el sabor argentino por excelencia y el emblema de nuestra marca. Preparate para saborear la esencia de nuestra cultura: El dulce de leche y la cobertura de chocolate, un s\u00edmbolo de la pasi\u00f3n por lo dulce que nos une como argentinos.<\/p>","protected":false},"featured_media":121046,"comment_status":"closed","ping_status":"closed","template":"","meta":{"_acf_changed":false,"om_disable_all_campaigns":false,"_monsterinsights_skip_tracking":false,"_monsterinsights_sitenote_active":false,"_monsterinsights_sitenote_note":"","_monsterinsights_sitenote_category":0},"etheme_brands":[],"product_brand":[10907],"product_cat":[83],"product_tag":[156,337,230,231,203,234,159,10077,235,236,60,232,233,285,10663,3496,10078],"class_list":{"0":"post-89220","1":"product","2":"type-product","3":"status-publish","4":"has-post-thumbnail","6":"product_brand-jorgito","7":"product_cat-alfajores-conitos","8":"product_tag-alfajor","9":"product_tag-alfajores","10":"product_tag-alimento","11":"product_tag-alimentos","12":"product_tag-argentina","13":"product_tag-argentine","14":"product_tag-chocolate","15":"product_tag-chocolet","16":"product_tag-delicias","17":"product_tag-delicious","18":"product_tag-dulce-de-leche","19":"product_tag-food","20":"product_tag-foods","21":"product_tag-jorgito","22":"product_tag-jorgitotag","23":"product_tag-sugar","24":"product_tag-sweet-milk","26":"first","27":"instock","28":"taxable","29":"shipping-taxable","30":"purchasable","31":"product-type-variable","32":"has-default-attributes"},"acf":[],"aioseo_notices":[],"_links":{"self":[{"href":"https:\/\/www.argensend.com\/en\/wp-json\/wp\/v2\/product\/89220","targetHints":{"allow":["GET"]}}],"collection":[{"href":"https:\/\/www.argensend.com\/en\/wp-json\/wp\/v2\/product"}],"about":[{"href":"https:\/\/www.argensend.com\/en\/wp-json\/wp\/v2\/types\/product"}],"replies":[{"embeddable":true,"href":"https:\/\/www.argensend.com\/en\/wp-json\/wp\/v2\/comments?post=89220"}],"version-history":[{"count":8,"href":"https:\/\/www.argensend.com\/en\/wp-json\/wp\/v2\/product\/89220\/revisions"}],"predecessor-version":[{"id":130716,"href":"https:\/\/www.argensend.com\/en\/wp-json\/wp\/v2\/product\/89220\/revisions\/130716"}],"wp:featuredmedia":[{"embeddable":true,"href":"https:\/\/www.argensend.com\/en\/wp-json\/wp\/v2\/media\/121046"}],"wp:attachment":[{"href":"https:\/\/www.argensend.com\/en\/wp-json\/wp\/v2\/media?parent=89220"}],"wp:term":[{"taxonomy":"brand","embeddable":true,"href":"https:\/\/www.argensend.com\/en\/wp-json\/wp\/v2\/etheme_brands?post=89220"},{"taxonomy":"product_brand","embeddable":true,"href":"https:\/\/www.argensend.com\/en\/wp-json\/wp\/v2\/product_brand?post=89220"},{"taxonomy":"product_cat","embeddable":true,"href":"https:\/\/www.argensend.com\/en\/wp-json\/wp\/v2\/product_cat?post=89220"},{"taxonomy":"product_tag","embeddable":true,"href":"https:\/\/www.argensend.com\/en\/wp-json\/wp\/v2\/product_tag?post=89220"}],"curies":[{"name":"wp","href":"https:\/\/api.w.org\/{rel}","templated":true}]}}