{"id":91568,"date":"2024-01-12T11:24:11","date_gmt":"2024-01-12T14:24:11","guid":{"rendered":"https:\/\/www.argensend.com\/?post_type=product&#038;p=91568"},"modified":"2024-12-06T16:43:22","modified_gmt":"2024-12-06T19:43:22","slug":"senigalia-perfume-donna-x102-edp-110ml","status":"publish","type":"product","link":"https:\/\/www.argensend.com\/en\/product\/senigalia-perfume-donna-x102-edp-110ml\/","title":{"rendered":"Senigalia &#8211; Perfume Donna X102 Edp 110ml"},"content":{"rendered":"","protected":false},"excerpt":{"rendered":"<div>Familia: Oriental<br \/>\nNotas de salida: Pimienta Rosa, Flor de Azahar del Naranjo y pera.<br \/>\nNotas de Coraz\u00f3n: Caf\u00e9 y Jazm\u00edn.<br \/>\nNotas de fondo: Vainilla, Pachul\u00ed y Cedro.<\/div>","protected":false},"featured_media":91569,"comment_status":"open","ping_status":"closed","template":"","meta":{"_acf_changed":false,"om_disable_all_campaigns":false,"_monsterinsights_skip_tracking":false,"_monsterinsights_sitenote_active":false,"_monsterinsights_sitenote_note":"","_monsterinsights_sitenote_category":0},"etheme_brands":[],"product_brand":[],"product_cat":[8935,8818],"product_tag":[10093,1159,10094,10091,10098],"class_list":{"0":"post-91568","1":"product","2":"type-product","3":"status-publish","4":"has-post-thumbnail","6":"product_cat-belleza-y-salud","7":"product_cat-perfumeria","8":"product_tag-edt","9":"product_tag-perfume","10":"product_tag-perfume-mujer","11":"product_tag-senigalia","12":"product_tag-x102","14":"first","15":"instock","16":"taxable","17":"shipping-taxable","18":"purchasable","19":"product-type-simple"},"acf":[],"aioseo_notices":[],"_links":{"self":[{"href":"https:\/\/www.argensend.com\/en\/wp-json\/wp\/v2\/product\/91568","targetHints":{"allow":["GET"]}}],"collection":[{"href":"https:\/\/www.argensend.com\/en\/wp-json\/wp\/v2\/product"}],"about":[{"href":"https:\/\/www.argensend.com\/en\/wp-json\/wp\/v2\/types\/product"}],"replies":[{"embeddable":true,"href":"https:\/\/www.argensend.com\/en\/wp-json\/wp\/v2\/comments?post=91568"}],"version-history":[{"count":1,"href":"https:\/\/www.argensend.com\/en\/wp-json\/wp\/v2\/product\/91568\/revisions"}],"predecessor-version":[{"id":91570,"href":"https:\/\/www.argensend.com\/en\/wp-json\/wp\/v2\/product\/91568\/revisions\/91570"}],"wp:featuredmedia":[{"embeddable":true,"href":"https:\/\/www.argensend.com\/en\/wp-json\/wp\/v2\/media\/91569"}],"wp:attachment":[{"href":"https:\/\/www.argensend.com\/en\/wp-json\/wp\/v2\/media?parent=91568"}],"wp:term":[{"taxonomy":"brand","embeddable":true,"href":"https:\/\/www.argensend.com\/en\/wp-json\/wp\/v2\/etheme_brands?post=91568"},{"taxonomy":"product_brand","embeddable":true,"href":"https:\/\/www.argensend.com\/en\/wp-json\/wp\/v2\/product_brand?post=91568"},{"taxonomy":"product_cat","embeddable":true,"href":"https:\/\/www.argensend.com\/en\/wp-json\/wp\/v2\/product_cat?post=91568"},{"taxonomy":"product_tag","embeddable":true,"href":"https:\/\/www.argensend.com\/en\/wp-json\/wp\/v2\/product_tag?post=91568"}],"curies":[{"name":"wp","href":"https:\/\/api.w.org\/{rel}","templated":true}]}}