{"id":91575,"date":"2024-01-12T12:10:31","date_gmt":"2024-01-12T15:10:31","guid":{"rendered":"https:\/\/www.argensend.com\/?post_type=product&#038;p=91575"},"modified":"2024-12-06T16:43:22","modified_gmt":"2024-12-06T19:43:22","slug":"senigalia-perfume-donna-x121-edp-110ml","status":"publish","type":"product","link":"https:\/\/www.argensend.com\/en\/product\/senigalia-perfume-donna-x121-edp-110ml\/","title":{"rendered":"Senigalia &#8211; Perfume Donna &#8211; 121 Edp 110ml"},"content":{"rendered":"","protected":false},"excerpt":{"rendered":"<div id=\"ds_div\">Familia: FLORAL- FRUTAL<br \/>\nNotas de salida: Bergamota vibrante y Goji.<br \/>\nNotas de coraz\u00f3n: Granada y el Hibisco.<br \/>\nNotas de fondo: Cedro y Almizcle.<\/p>\n<div>\nEs una fragancia alegre y cautivadora que evoca la belleza de la naturaleza en sus notas. Como un verano inolvidable, el perfume est\u00e1 lleno de sensaciones. Un chapuz\u00f3n en lo desconocido, una brisa suave, un d\u00eda soleado y brillante representan este aroma irresistible<\/div>\n<\/div>","protected":false},"featured_media":91576,"comment_status":"open","ping_status":"closed","template":"","meta":{"_acf_changed":false,"om_disable_all_campaigns":false,"_monsterinsights_skip_tracking":false,"_monsterinsights_sitenote_active":false,"_monsterinsights_sitenote_note":"","_monsterinsights_sitenote_category":0},"etheme_brands":[],"product_brand":[],"product_cat":[8935,8818],"product_tag":[10093,1159,10094,10091,10099],"class_list":{"0":"post-91575","1":"product","2":"type-product","3":"status-publish","4":"has-post-thumbnail","6":"product_cat-belleza-y-salud","7":"product_cat-perfumeria","8":"product_tag-edt","9":"product_tag-perfume","10":"product_tag-perfume-mujer","11":"product_tag-senigalia","12":"product_tag-x121","14":"first","15":"instock","16":"taxable","17":"shipping-taxable","18":"purchasable","19":"product-type-simple"},"acf":[],"aioseo_notices":[],"_links":{"self":[{"href":"https:\/\/www.argensend.com\/en\/wp-json\/wp\/v2\/product\/91575","targetHints":{"allow":["GET"]}}],"collection":[{"href":"https:\/\/www.argensend.com\/en\/wp-json\/wp\/v2\/product"}],"about":[{"href":"https:\/\/www.argensend.com\/en\/wp-json\/wp\/v2\/types\/product"}],"replies":[{"embeddable":true,"href":"https:\/\/www.argensend.com\/en\/wp-json\/wp\/v2\/comments?post=91575"}],"version-history":[{"count":2,"href":"https:\/\/www.argensend.com\/en\/wp-json\/wp\/v2\/product\/91575\/revisions"}],"predecessor-version":[{"id":106104,"href":"https:\/\/www.argensend.com\/en\/wp-json\/wp\/v2\/product\/91575\/revisions\/106104"}],"wp:featuredmedia":[{"embeddable":true,"href":"https:\/\/www.argensend.com\/en\/wp-json\/wp\/v2\/media\/91576"}],"wp:attachment":[{"href":"https:\/\/www.argensend.com\/en\/wp-json\/wp\/v2\/media?parent=91575"}],"wp:term":[{"taxonomy":"brand","embeddable":true,"href":"https:\/\/www.argensend.com\/en\/wp-json\/wp\/v2\/etheme_brands?post=91575"},{"taxonomy":"product_brand","embeddable":true,"href":"https:\/\/www.argensend.com\/en\/wp-json\/wp\/v2\/product_brand?post=91575"},{"taxonomy":"product_cat","embeddable":true,"href":"https:\/\/www.argensend.com\/en\/wp-json\/wp\/v2\/product_cat?post=91575"},{"taxonomy":"product_tag","embeddable":true,"href":"https:\/\/www.argensend.com\/en\/wp-json\/wp\/v2\/product_tag?post=91575"}],"curies":[{"name":"wp","href":"https:\/\/api.w.org\/{rel}","templated":true}]}}