{"id":91682,"date":"2024-01-15T09:40:52","date_gmt":"2024-01-15T12:40:52","guid":{"rendered":"https:\/\/www.argensend.com\/?post_type=product&#038;p=91682"},"modified":"2024-12-06T16:43:28","modified_gmt":"2024-12-06T19:43:28","slug":"lenox-medias-cortas-interior-gel-proteccion-pie-diabetico","status":"publish","type":"product","link":"https:\/\/www.argensend.com\/en\/product\/lenox-medias-cortas-interior-gel-proteccion-pie-diabetico\/","title":{"rendered":"Lenox &#8211; Medias Cortas Interior Gel Protecci\u00f3n Pie Diabetico"},"content":{"rendered":"","protected":false},"excerpt":{"rendered":"<p>MEDIA CORTA PARA PROTECCI\u00d3N DEL PIE DIAB\u00c9TICO LENOX<br \/>\nC\u00f3digo: 8653\/8654\/8655<\/p>\n<p>*Medias de algod\u00f3n puro dise\u00f1adas con revestimiento interior de GEL.<br \/>\n*Protegen los pies de roces, presiones, hiperdescargas.<br \/>\n*Evitan las lesiones y sus complicaciones posteriores.<br \/>\n*Masajean la piel, mejorando la circulaci\u00f3n sangu\u00ednea.<br \/>\n*Lubrican e hidratan la piel reseca y agrietada.<br \/>\n*Caja x 2 unidades (1 Par de medias)<\/p>\n<p>Indicaciones:<br \/>\n*Pie Diab\u00e9tico<br \/>\n*Ancianos.<br \/>\n*Pie Vascular.<br \/>\n*Fumadores<br \/>\n*Inflamaciones.<br \/>\n*Artrosis.<br \/>\n*Artritis.<\/p>\n<p>&nbsp;<\/p>\n<p>TABLA DE TALLES:<br \/>\n*TALLE CH: 35 AL 37<br \/>\n*TALLE M: 38 AL 40<br \/>\n*TALLE G: 41 AL 43<\/p>","protected":false},"featured_media":91683,"comment_status":"closed","ping_status":"closed","template":"","meta":{"_acf_changed":false,"om_disable_all_campaigns":false,"_monsterinsights_skip_tracking":false,"_monsterinsights_sitenote_active":false,"_monsterinsights_sitenote_note":"","_monsterinsights_sitenote_category":0},"etheme_brands":[],"product_brand":[],"product_cat":[3141,8819],"product_tag":[1057,5413,456,9562,4482,4512,4527,211,4266],"class_list":{"0":"post-91682","1":"product","2":"type-product","3":"status-publish","4":"has-post-thumbnail","6":"product_cat-diabetes","7":"product_cat-farmacia","8":"product_tag-body","9":"product_tag-corporal","10":"product_tag-crema","11":"product_tag-diabetes","12":"product_tag-hidrata","13":"product_tag-hidratante","14":"product_tag-moisturizing","15":"product_tag-piel","16":"product_tag-skin","18":"first","19":"instock","20":"taxable","21":"shipping-taxable","22":"purchasable","23":"product-type-simple"},"acf":[],"aioseo_notices":[],"_links":{"self":[{"href":"https:\/\/www.argensend.com\/en\/wp-json\/wp\/v2\/product\/91682","targetHints":{"allow":["GET"]}}],"collection":[{"href":"https:\/\/www.argensend.com\/en\/wp-json\/wp\/v2\/product"}],"about":[{"href":"https:\/\/www.argensend.com\/en\/wp-json\/wp\/v2\/types\/product"}],"replies":[{"embeddable":true,"href":"https:\/\/www.argensend.com\/en\/wp-json\/wp\/v2\/comments?post=91682"}],"version-history":[{"count":1,"href":"https:\/\/www.argensend.com\/en\/wp-json\/wp\/v2\/product\/91682\/revisions"}],"predecessor-version":[{"id":91684,"href":"https:\/\/www.argensend.com\/en\/wp-json\/wp\/v2\/product\/91682\/revisions\/91684"}],"wp:featuredmedia":[{"embeddable":true,"href":"https:\/\/www.argensend.com\/en\/wp-json\/wp\/v2\/media\/91683"}],"wp:attachment":[{"href":"https:\/\/www.argensend.com\/en\/wp-json\/wp\/v2\/media?parent=91682"}],"wp:term":[{"taxonomy":"brand","embeddable":true,"href":"https:\/\/www.argensend.com\/en\/wp-json\/wp\/v2\/etheme_brands?post=91682"},{"taxonomy":"product_brand","embeddable":true,"href":"https:\/\/www.argensend.com\/en\/wp-json\/wp\/v2\/product_brand?post=91682"},{"taxonomy":"product_cat","embeddable":true,"href":"https:\/\/www.argensend.com\/en\/wp-json\/wp\/v2\/product_cat?post=91682"},{"taxonomy":"product_tag","embeddable":true,"href":"https:\/\/www.argensend.com\/en\/wp-json\/wp\/v2\/product_tag?post=91682"}],"curies":[{"name":"wp","href":"https:\/\/api.w.org\/{rel}","templated":true}]}}