{"id":91685,"date":"2024-01-15T09:44:33","date_gmt":"2024-01-15T12:44:33","guid":{"rendered":"https:\/\/www.argensend.com\/?post_type=product&#038;p=91685"},"modified":"2025-08-19T13:32:11","modified_gmt":"2025-08-19T16:32:11","slug":"talonera-silicona-gel-proteccion-talon-pie-diabetico","status":"publish","type":"product","link":"https:\/\/www.argensend.com\/en\/product\/talonera-silicona-gel-proteccion-talon-pie-diabetico\/","title":{"rendered":"Talonera Silicona Gel Protecci\u00f3n Tal\u00f3n Pie Diab\u00e9tico"},"content":{"rendered":"","protected":false},"excerpt":{"rendered":"<p>TALONERA DE DESCANSO talon completo<\/p>\n<p>Descripci\u00f3n:<br \/>\n* 100% Nuevo y de alta calidad<br \/>\n* Talonera cubre todo el tal\u00f3n<br \/>\n* Color: Transparente o color piel segun el momento de la compra<br \/>\n* Material: Gel pol\u00edmero de silicona<br \/>\n* Se pueden mantener limpias lav\u00e1ndolas a mano en agua tibia y jab\u00f3n<br \/>\n* Reduce el dolor y las molestias en los talones de los pies.<br \/>\n* Estas Taloneras proteger\u00e1n el tal\u00f3n de su pie cuando camina, estando de pie o corriendo<br \/>\n* Trabajan redirigiendo la presi\u00f3n lejos de \u00e1reas dolorosas y sensibles<br \/>\n* Proporcionan flexibilidad y conforman las partes \u00f3seas del pie<br \/>\n* Muy \u00fatil para cualquier actividad prolongada estando de pie o caminando<br \/>\n* Ideal para las actividades deportivas, especialmente donde la reducci\u00f3n de choque de impacto se requiere.<br \/>\n* Ayuda a alinear correctamente el pie y aliviar la inflamaci\u00f3n dolorosa al quitar presi\u00f3n del \u00e1rea sensible<br \/>\n* Contenido 1 par<br \/>\n* En Blister.<\/p>","protected":false},"featured_media":91686,"comment_status":"closed","ping_status":"closed","template":"","meta":{"_acf_changed":false,"om_disable_all_campaigns":false,"_monsterinsights_skip_tracking":false,"_monsterinsights_sitenote_active":false,"_monsterinsights_sitenote_note":"","_monsterinsights_sitenote_category":0},"etheme_brands":[],"product_brand":[],"product_cat":[3141,8819],"product_tag":[1057,5413,456,9562,4482,4512,4527,211,4266],"class_list":{"0":"post-91685","1":"product","2":"type-product","3":"status-publish","4":"has-post-thumbnail","6":"product_cat-diabetes","7":"product_cat-farmacia","8":"product_tag-body","9":"product_tag-corporal","10":"product_tag-crema","11":"product_tag-diabetes","12":"product_tag-hidrata","13":"product_tag-hidratante","14":"product_tag-moisturizing","15":"product_tag-piel","16":"product_tag-skin","18":"first","19":"instock","20":"taxable","21":"shipping-taxable","22":"purchasable","23":"product-type-simple"},"acf":[],"aioseo_notices":[],"_links":{"self":[{"href":"https:\/\/www.argensend.com\/en\/wp-json\/wp\/v2\/product\/91685","targetHints":{"allow":["GET"]}}],"collection":[{"href":"https:\/\/www.argensend.com\/en\/wp-json\/wp\/v2\/product"}],"about":[{"href":"https:\/\/www.argensend.com\/en\/wp-json\/wp\/v2\/types\/product"}],"replies":[{"embeddable":true,"href":"https:\/\/www.argensend.com\/en\/wp-json\/wp\/v2\/comments?post=91685"}],"version-history":[{"count":1,"href":"https:\/\/www.argensend.com\/en\/wp-json\/wp\/v2\/product\/91685\/revisions"}],"predecessor-version":[{"id":91687,"href":"https:\/\/www.argensend.com\/en\/wp-json\/wp\/v2\/product\/91685\/revisions\/91687"}],"wp:featuredmedia":[{"embeddable":true,"href":"https:\/\/www.argensend.com\/en\/wp-json\/wp\/v2\/media\/91686"}],"wp:attachment":[{"href":"https:\/\/www.argensend.com\/en\/wp-json\/wp\/v2\/media?parent=91685"}],"wp:term":[{"taxonomy":"brand","embeddable":true,"href":"https:\/\/www.argensend.com\/en\/wp-json\/wp\/v2\/etheme_brands?post=91685"},{"taxonomy":"product_brand","embeddable":true,"href":"https:\/\/www.argensend.com\/en\/wp-json\/wp\/v2\/product_brand?post=91685"},{"taxonomy":"product_cat","embeddable":true,"href":"https:\/\/www.argensend.com\/en\/wp-json\/wp\/v2\/product_cat?post=91685"},{"taxonomy":"product_tag","embeddable":true,"href":"https:\/\/www.argensend.com\/en\/wp-json\/wp\/v2\/product_tag?post=91685"}],"curies":[{"name":"wp","href":"https:\/\/api.w.org\/{rel}","templated":true}]}}