{"id":91707,"date":"2024-01-15T10:19:05","date_gmt":"2024-01-15T13:19:05","guid":{"rendered":"https:\/\/www.argensend.com\/?post_type=product&#038;p=91707"},"modified":"2024-12-06T16:43:29","modified_gmt":"2024-12-06T19:43:29","slug":"combo-goicoechea-diabetex-cuidado-total-para-diabeticos","status":"publish","type":"product","link":"https:\/\/www.argensend.com\/en\/product\/combo-goicoechea-diabetex-cuidado-total-para-diabeticos\/","title":{"rendered":"Combo Goicoechea Diabetex &#8211; Cuidado Total para Diabeticos"},"content":{"rendered":"","protected":false},"excerpt":{"rendered":"<p>Consiente tu piel con la Emulsi\u00f3n Corporal Dermagl\u00f3s Piel del Diab\u00e9tico, especialmente dise\u00f1ada para el cuidado de pieles sensibles. Este producto en dosificador de 300mL es f\u00e1cil de aplicar en cuerpo y pies, brind\u00e1ndote una hidrataci\u00f3n profunda y duradera de hasta 24 horas. Su f\u00f3rmula hipoalerg\u00e9nica contiene propiedades suavizantes, protectoras, emolientes, regeneradoras, rejuvenecedoras y elastizantes que ayudan a mantener tu piel en \u00f3ptimas condiciones. Apl\u00edcala dos veces al d\u00eda, tanto de d\u00eda como de noche, para obtener los mejores resultados y disfrutar de una piel suave, saludable y radiante. No esperes m\u00e1s para experimentar los beneficios de Dermagl\u00f3s Piel del Diab\u00e9tico en tu rutina de cuidado corporal.<\/p>\n<h1 class=\"product-header__title app-header__title\"><\/h1>","protected":false},"featured_media":91708,"comment_status":"closed","ping_status":"closed","template":"","meta":{"_acf_changed":false,"om_disable_all_campaigns":false,"_monsterinsights_skip_tracking":false,"_monsterinsights_sitenote_active":false,"_monsterinsights_sitenote_note":"","_monsterinsights_sitenote_category":0},"etheme_brands":[],"product_brand":[],"product_cat":[3141],"product_tag":[456,463,462],"class_list":{"0":"post-91707","1":"product","2":"type-product","3":"status-publish","4":"has-post-thumbnail","6":"product_cat-diabetes","7":"product_tag-crema","8":"product_tag-crema-para-bebes","9":"product_tag-hipoglos","11":"first","12":"instock","13":"taxable","14":"shipping-taxable","15":"purchasable","16":"product-type-simple"},"acf":[],"aioseo_notices":[],"_links":{"self":[{"href":"https:\/\/www.argensend.com\/en\/wp-json\/wp\/v2\/product\/91707","targetHints":{"allow":["GET"]}}],"collection":[{"href":"https:\/\/www.argensend.com\/en\/wp-json\/wp\/v2\/product"}],"about":[{"href":"https:\/\/www.argensend.com\/en\/wp-json\/wp\/v2\/types\/product"}],"replies":[{"embeddable":true,"href":"https:\/\/www.argensend.com\/en\/wp-json\/wp\/v2\/comments?post=91707"}],"version-history":[{"count":2,"href":"https:\/\/www.argensend.com\/en\/wp-json\/wp\/v2\/product\/91707\/revisions"}],"predecessor-version":[{"id":107801,"href":"https:\/\/www.argensend.com\/en\/wp-json\/wp\/v2\/product\/91707\/revisions\/107801"}],"wp:featuredmedia":[{"embeddable":true,"href":"https:\/\/www.argensend.com\/en\/wp-json\/wp\/v2\/media\/91708"}],"wp:attachment":[{"href":"https:\/\/www.argensend.com\/en\/wp-json\/wp\/v2\/media?parent=91707"}],"wp:term":[{"taxonomy":"brand","embeddable":true,"href":"https:\/\/www.argensend.com\/en\/wp-json\/wp\/v2\/etheme_brands?post=91707"},{"taxonomy":"product_brand","embeddable":true,"href":"https:\/\/www.argensend.com\/en\/wp-json\/wp\/v2\/product_brand?post=91707"},{"taxonomy":"product_cat","embeddable":true,"href":"https:\/\/www.argensend.com\/en\/wp-json\/wp\/v2\/product_cat?post=91707"},{"taxonomy":"product_tag","embeddable":true,"href":"https:\/\/www.argensend.com\/en\/wp-json\/wp\/v2\/product_tag?post=91707"}],"curies":[{"name":"wp","href":"https:\/\/api.w.org\/{rel}","templated":true}]}}