{"id":91723,"date":"2024-01-15T11:00:51","date_gmt":"2024-01-15T14:00:51","guid":{"rendered":"https:\/\/www.argensend.com\/?post_type=product&#038;p=91723"},"modified":"2024-12-06T16:43:32","modified_gmt":"2024-12-06T19:43:32","slug":"vinagre-manzana-natier-s-pasteurizar-diabetes-presion-250cm","status":"publish","type":"product","link":"https:\/\/www.argensend.com\/en\/product\/vinagre-manzana-natier-s-pasteurizar-diabetes-presion-250cm\/","title":{"rendered":"Vinagre Manzana Natier S\/pasteurizar Diabetes Presi\u00f3n 250cm"},"content":{"rendered":"","protected":false},"excerpt":{"rendered":"<p>Crema hidratante corporal para pieles secas, agrietamiento o descamaci\u00f3n. Ideal para personas que padecen diabetes y que son m\u00e1s susceptibles a la resequedad extrema protegiendo la dermis y ayudando a prevenir lesiones. Alivia la resequedad y el agrietamiento. HIDRATA la piel de los pies, codos y manos. Especialmente formulada para la piel de personas que padecen diabetes. REDUCE la descamaci\u00f3n. UREA 5% &#8211; CAL\u00c9NDULA componente natural de la piel con propiedad hidratante que la protege y extracto de cal\u00e9ndula, reconocido acondicionador que suaviza y alivia la piel. RESEQUEDAD, Repara la resequedad m\u00e1s extrema con solo 1 aplicaci\u00f3n. Mejora notablemente las condiciones de la barrera cut\u00e1nea.<\/p>\n<p>EN:<br \/>\nMoisturizing body cream for dry skin, cracking or peeling. Ideal for people who suffer from diabetes and who are more susceptible to extreme dryness protecting the dermis and helping to prevent lesions. Relieves dryness and cracking. MOISTURIZES the skin of feet, elbows and hands. Specially formulated for the skin of people suffering from diabetes. REDUCES flaking. UREA 5% &#8211; CALENDULA natural component of the skin with moisturizing property that protects it and calendula extract, recognized conditioner that softens and soothes the skin. DRYNESS, Repairs the most extreme dryness with only 1 application. Noticeably improves skin barrier conditions.<\/p>","protected":false},"featured_media":91724,"comment_status":"closed","ping_status":"closed","template":"","meta":{"_acf_changed":false,"om_disable_all_campaigns":false,"_monsterinsights_skip_tracking":false,"_monsterinsights_sitenote_active":false,"_monsterinsights_sitenote_note":"","_monsterinsights_sitenote_category":0},"etheme_brands":[],"product_brand":[],"product_cat":[3141,8819],"product_tag":[1057,5413,456,9562,4482,4512,4527,211,4266],"class_list":{"0":"post-91723","1":"product","2":"type-product","3":"status-publish","4":"has-post-thumbnail","6":"product_cat-diabetes","7":"product_cat-farmacia","8":"product_tag-body","9":"product_tag-corporal","10":"product_tag-crema","11":"product_tag-diabetes","12":"product_tag-hidrata","13":"product_tag-hidratante","14":"product_tag-moisturizing","15":"product_tag-piel","16":"product_tag-skin","18":"first","19":"instock","20":"taxable","21":"shipping-taxable","22":"purchasable","23":"product-type-simple"},"acf":[],"aioseo_notices":[],"_links":{"self":[{"href":"https:\/\/www.argensend.com\/en\/wp-json\/wp\/v2\/product\/91723","targetHints":{"allow":["GET"]}}],"collection":[{"href":"https:\/\/www.argensend.com\/en\/wp-json\/wp\/v2\/product"}],"about":[{"href":"https:\/\/www.argensend.com\/en\/wp-json\/wp\/v2\/types\/product"}],"replies":[{"embeddable":true,"href":"https:\/\/www.argensend.com\/en\/wp-json\/wp\/v2\/comments?post=91723"}],"version-history":[{"count":1,"href":"https:\/\/www.argensend.com\/en\/wp-json\/wp\/v2\/product\/91723\/revisions"}],"predecessor-version":[{"id":91725,"href":"https:\/\/www.argensend.com\/en\/wp-json\/wp\/v2\/product\/91723\/revisions\/91725"}],"wp:featuredmedia":[{"embeddable":true,"href":"https:\/\/www.argensend.com\/en\/wp-json\/wp\/v2\/media\/91724"}],"wp:attachment":[{"href":"https:\/\/www.argensend.com\/en\/wp-json\/wp\/v2\/media?parent=91723"}],"wp:term":[{"taxonomy":"brand","embeddable":true,"href":"https:\/\/www.argensend.com\/en\/wp-json\/wp\/v2\/etheme_brands?post=91723"},{"taxonomy":"product_brand","embeddable":true,"href":"https:\/\/www.argensend.com\/en\/wp-json\/wp\/v2\/product_brand?post=91723"},{"taxonomy":"product_cat","embeddable":true,"href":"https:\/\/www.argensend.com\/en\/wp-json\/wp\/v2\/product_cat?post=91723"},{"taxonomy":"product_tag","embeddable":true,"href":"https:\/\/www.argensend.com\/en\/wp-json\/wp\/v2\/product_tag?post=91723"}],"curies":[{"name":"wp","href":"https:\/\/api.w.org\/{rel}","templated":true}]}}