{"id":91738,"date":"2024-01-15T11:27:02","date_gmt":"2024-01-15T14:27:02","guid":{"rendered":"https:\/\/www.argensend.com\/?post_type=product&#038;p=91738"},"modified":"2024-12-06T16:43:33","modified_gmt":"2024-12-06T19:43:33","slug":"el-poder-recetas-diabetes-pack-3-libros-de-frank-suarez","status":"publish","type":"product","link":"https:\/\/www.argensend.com\/en\/product\/el-poder-recetas-diabetes-pack-3-libros-de-frank-suarez\/","title":{"rendered":"El Poder + Recetas + Diabetes &#8211; Pack 3 Libros de Frank Su\u00e1rez"},"content":{"rendered":"","protected":false},"excerpt":{"rendered":"<p>Jos\u00e9 Luis Inciarte, alias &#8220;Coche&#8221;, relata el viaje espiritual y emocional que realiz\u00f3 durante los setenta y dos d\u00edas que estuvo malherido y perdido en los Andes chilenos.<\/p>","protected":false},"featured_media":91739,"comment_status":"closed","ping_status":"closed","template":"","meta":{"_acf_changed":false,"om_disable_all_campaigns":false,"_monsterinsights_skip_tracking":false,"_monsterinsights_sitenote_active":false,"_monsterinsights_sitenote_note":"","_monsterinsights_sitenote_category":0},"etheme_brands":[],"product_brand":[],"product_cat":[685],"product_tag":[755,10123,10125,7997,10126,10121,10120],"class_list":{"0":"post-91738","1":"product","2":"type-product","3":"status-publish","4":"has-post-thumbnail","6":"product_cat-libros","7":"product_tag-book","8":"product_tag-cordillera-de-los-andes","9":"product_tag-ediciones-b","10":"product_tag-editorial","11":"product_tag-jose-luis-inciarte","12":"product_tag-milagro-de-los-andes","13":"product_tag-tragedia-de-los-andes","15":"first","16":"instock","17":"taxable","18":"shipping-taxable","19":"purchasable","20":"product-type-simple"},"acf":[],"aioseo_notices":[],"_links":{"self":[{"href":"https:\/\/www.argensend.com\/en\/wp-json\/wp\/v2\/product\/91738","targetHints":{"allow":["GET"]}}],"collection":[{"href":"https:\/\/www.argensend.com\/en\/wp-json\/wp\/v2\/product"}],"about":[{"href":"https:\/\/www.argensend.com\/en\/wp-json\/wp\/v2\/types\/product"}],"replies":[{"embeddable":true,"href":"https:\/\/www.argensend.com\/en\/wp-json\/wp\/v2\/comments?post=91738"}],"version-history":[{"count":2,"href":"https:\/\/www.argensend.com\/en\/wp-json\/wp\/v2\/product\/91738\/revisions"}],"predecessor-version":[{"id":101500,"href":"https:\/\/www.argensend.com\/en\/wp-json\/wp\/v2\/product\/91738\/revisions\/101500"}],"wp:featuredmedia":[{"embeddable":true,"href":"https:\/\/www.argensend.com\/en\/wp-json\/wp\/v2\/media\/91739"}],"wp:attachment":[{"href":"https:\/\/www.argensend.com\/en\/wp-json\/wp\/v2\/media?parent=91738"}],"wp:term":[{"taxonomy":"brand","embeddable":true,"href":"https:\/\/www.argensend.com\/en\/wp-json\/wp\/v2\/etheme_brands?post=91738"},{"taxonomy":"product_brand","embeddable":true,"href":"https:\/\/www.argensend.com\/en\/wp-json\/wp\/v2\/product_brand?post=91738"},{"taxonomy":"product_cat","embeddable":true,"href":"https:\/\/www.argensend.com\/en\/wp-json\/wp\/v2\/product_cat?post=91738"},{"taxonomy":"product_tag","embeddable":true,"href":"https:\/\/www.argensend.com\/en\/wp-json\/wp\/v2\/product_tag?post=91738"}],"curies":[{"name":"wp","href":"https:\/\/api.w.org\/{rel}","templated":true}]}}