{"id":91748,"date":"2024-01-15T12:01:01","date_gmt":"2024-01-15T15:01:01","guid":{"rendered":"https:\/\/www.argensend.com\/?post_type=product&#038;p=91748"},"modified":"2024-12-06T16:43:33","modified_gmt":"2024-12-06T19:43:33","slug":"libro-milagro-en-los-andes-nando-parrado","status":"publish","type":"product","link":"https:\/\/www.argensend.com\/en\/product\/libro-milagro-en-los-andes-nando-parrado\/","title":{"rendered":"Libro Milagro en Los Andes &#8211; Nando Parrado"},"content":{"rendered":"<div class=\"sinopsi-intro\">\n<h3 class=\"FichaLibro_fichaLibro__titulo__zoYiu\">Sinopsis de Milagro en los Andes<\/h3>\n<\/div>\n<div class=\"frase-mkt\">\n<h4>Mis 72 d\u00edas en la monta\u00f1a y mi largo regreso a casa.<\/h4>\n<div class=\"p_leer_menos\">\n<p>Nando Parrado estuvo tres d\u00edas inconsciente antes de despertarse y descubrir que el avi\u00f3n que llevaba a su equipo de rugby a un partido amistoso en Chile se hab\u00eda estrellado en medio de los Andes. Pronto supo que muchos de sus compa\u00f1eros hab\u00edan muerto o estaban agonizando, entre ellos su propia madre y su hermana. Los supervivientes se hallaban desamparados en un desierto glaciar sin alimentos y sin poder pedir ayuda. Lucharon para soportar g\u00e9lidas temperaturas, aludes mortales y, m\u00e1s tarde, la devastadora noticia de que se hab\u00eda suspendido su b\u00fasqueda. A medida que pasaba el tiempo, Nando empez\u00f3 a pensar cada vez m\u00e1s en su padre, pues sab\u00eda que deb\u00eda de estar consumido por el dolor. Nando decide as\u00ed regresar a casa o morir en el intento. Milagro en los Andes\u00a0es m\u00e1s que el fascinante relato de una aventura basada en hechos reales: es una mirada reveladora de la vida al borde de la muerte y una re\ufb02exi\u00f3n sobre el ilimitado poder redentor del amor.<\/p>\n<\/div>\n<\/div>\n<p>Autor: Nando Parrada<br \/>\nEditorial: Booket<br \/>\nFecha Publicaci\u00f3n: 2022<br \/>\nP\u00e1ginas: 432<br \/>\nIdioma: Castellano Occidental<br \/>\nTama\u00f1o: 13&#215;20 cm<br \/>\nPresentaci\u00f3n: Tabla Blanda<br \/>\nISBN: 09788408262329<\/p>","protected":false},"excerpt":{"rendered":"<p>Edici\u00f3n conmemorativa en los 50 a\u00f1os de la tragedia a\u00e9rea en los Andes, que inspir\u00f3 la pel\u00edcula<em> \u00a1Viven!\u00a0<\/em>Toda la verdad contada por el l\u00edder de los supervivientes. Incluye un nuevo pr\u00f3logo del autor.<\/p>","protected":false},"featured_media":91795,"comment_status":"closed","ping_status":"closed","template":"","meta":{"_acf_changed":false,"om_disable_all_campaigns":false,"_monsterinsights_skip_tracking":false,"_monsterinsights_sitenote_active":false,"_monsterinsights_sitenote_note":"","_monsterinsights_sitenote_category":0},"etheme_brands":[],"product_brand":[],"product_cat":[685],"product_tag":[755,10138,10123,7997,10121,10137,10120],"class_list":{"0":"post-91748","1":"product","2":"type-product","3":"status-publish","4":"has-post-thumbnail","6":"product_cat-libros","7":"product_tag-book","8":"product_tag-booket","9":"product_tag-cordillera-de-los-andes","10":"product_tag-editorial","11":"product_tag-milagro-de-los-andes","12":"product_tag-nando-parrado","13":"product_tag-tragedia-de-los-andes","15":"first","16":"outofstock","17":"taxable","18":"shipping-taxable","19":"purchasable","20":"product-type-simple"},"acf":[],"aioseo_notices":[],"_links":{"self":[{"href":"https:\/\/www.argensend.com\/en\/wp-json\/wp\/v2\/product\/91748","targetHints":{"allow":["GET"]}}],"collection":[{"href":"https:\/\/www.argensend.com\/en\/wp-json\/wp\/v2\/product"}],"about":[{"href":"https:\/\/www.argensend.com\/en\/wp-json\/wp\/v2\/types\/product"}],"replies":[{"embeddable":true,"href":"https:\/\/www.argensend.com\/en\/wp-json\/wp\/v2\/comments?post=91748"}],"version-history":[{"count":2,"href":"https:\/\/www.argensend.com\/en\/wp-json\/wp\/v2\/product\/91748\/revisions"}],"predecessor-version":[{"id":103029,"href":"https:\/\/www.argensend.com\/en\/wp-json\/wp\/v2\/product\/91748\/revisions\/103029"}],"wp:featuredmedia":[{"embeddable":true,"href":"https:\/\/www.argensend.com\/en\/wp-json\/wp\/v2\/media\/91795"}],"wp:attachment":[{"href":"https:\/\/www.argensend.com\/en\/wp-json\/wp\/v2\/media?parent=91748"}],"wp:term":[{"taxonomy":"brand","embeddable":true,"href":"https:\/\/www.argensend.com\/en\/wp-json\/wp\/v2\/etheme_brands?post=91748"},{"taxonomy":"product_brand","embeddable":true,"href":"https:\/\/www.argensend.com\/en\/wp-json\/wp\/v2\/product_brand?post=91748"},{"taxonomy":"product_cat","embeddable":true,"href":"https:\/\/www.argensend.com\/en\/wp-json\/wp\/v2\/product_cat?post=91748"},{"taxonomy":"product_tag","embeddable":true,"href":"https:\/\/www.argensend.com\/en\/wp-json\/wp\/v2\/product_tag?post=91748"}],"curies":[{"name":"wp","href":"https:\/\/api.w.org\/{rel}","templated":true}]}}