{"id":91760,"date":"2024-01-15T12:40:32","date_gmt":"2024-01-15T15:40:32","guid":{"rendered":"https:\/\/www.argensend.com\/?post_type=product&#038;p=91760"},"modified":"2024-12-06T16:43:34","modified_gmt":"2024-12-06T19:43:34","slug":"glucerna-shake-sabor-vainilla-237ml-x4-unidades","status":"publish","type":"product","link":"https:\/\/www.argensend.com\/en\/product\/glucerna-shake-sabor-vainilla-237ml-x4-unidades\/","title":{"rendered":"Glucerna Shake Sabor Vainilla 237ml &#8211; 4 Unidadeses"},"content":{"rendered":"","protected":false},"excerpt":{"rendered":"<p>Glucerna\u00ae proporciona una nutrici\u00f3n completa y balanceada para el soporte nutricional de personas con diabetes.<\/p>\n<p>Libre de Gluten. Sin T.A.C.C. Sin lactosa<\/p>\n<p>La f\u00f3rmula de Glucerna\u00ae ha sido dise\u00f1ada espec\u00edficamente con un sistema avanzado de carbohidratos de absorci\u00f3n lenta para el manejo nutricional en las alteraciones del metabolismo de la glucosa, 28 vitaminas y minerales esenciales, prote\u00ednas, \u00e1cidos grasos Omega 9 y Omega 3 y adem\u00e1s una combinaci\u00f3n de ingredientes claves que incluyen fibra (FOS).<\/p>\n<p>Beneficios<br \/>\nDestinado a Personas con diabetes.<\/p>\n<p>INGRENDIENTES GLUCERNA\u00ae L\u00cdQUIDO &#8211; Sabor Vainilla<br \/>\nAgua, maltodextrina de ma\u00edz, concentrado de prote\u00edna de leche, sucromaltosa, glicerina, concentrado de prote\u00edna de soja, aceite de c\u00e1rtamo altamente oleico, aceite de canola, aceite de soja, fructoligosac\u00e1ridos de cadena corta, saborizantes naturales y artifificiales, fosfato de magnesio, citrato de potasio, citrato de sodio, lecitina de soja emulsionante), cloruro de potasio, fosfato de calcio, cloruro de colina, cloruro de sodio, \u00e1cido asc\u00f3rbico, cloruro de magnesio, carragenina (estabilizante), acesulfame de potasio (edulcorante), c\u00farcuma (colorante), sulfato ferroso, acetato de dl-alfatocoferilo, sulfato de zinc, sucralosa (edulcorante), niacinamida,<\/p>\n<p>pantotenato de calcio, picolinato de cromo, sulfato de manganeso, sulfato c\u00faprico, palmitato de vitamina A, clorhidrato de piridoxina, clorhidrato de tiamina, riboflflavina, \u00e1cido f\u00f3lico, biotina, molibdato de sodio, ioduro de potasio, selenato de sodio, fifiloquinona, cianocobalamina y vitamina D3. Acesulfame de potasio: 9,99 mg\/100 ml de producto. Sucralosa: 4,3 mg\/100 mL.<\/p>\n<p>CONTIENE DERIVADOS DE LECHE Y DERIVADOS DE SOJA.<\/p>","protected":false},"featured_media":91761,"comment_status":"closed","ping_status":"closed","template":"","meta":{"_acf_changed":false,"om_disable_all_campaigns":false,"_monsterinsights_skip_tracking":false,"_monsterinsights_sitenote_active":false,"_monsterinsights_sitenote_note":"","_monsterinsights_sitenote_category":0},"etheme_brands":[],"product_brand":[],"product_cat":[3141,8819],"product_tag":[1057,5413,456,9562,4482,4512,4527,211,4266],"class_list":{"0":"post-91760","1":"product","2":"type-product","3":"status-publish","4":"has-post-thumbnail","6":"product_cat-diabetes","7":"product_cat-farmacia","8":"product_tag-body","9":"product_tag-corporal","10":"product_tag-crema","11":"product_tag-diabetes","12":"product_tag-hidrata","13":"product_tag-hidratante","14":"product_tag-moisturizing","15":"product_tag-piel","16":"product_tag-skin","18":"first","19":"instock","20":"taxable","21":"shipping-taxable","22":"purchasable","23":"product-type-simple"},"acf":[],"aioseo_notices":[],"_links":{"self":[{"href":"https:\/\/www.argensend.com\/en\/wp-json\/wp\/v2\/product\/91760","targetHints":{"allow":["GET"]}}],"collection":[{"href":"https:\/\/www.argensend.com\/en\/wp-json\/wp\/v2\/product"}],"about":[{"href":"https:\/\/www.argensend.com\/en\/wp-json\/wp\/v2\/types\/product"}],"replies":[{"embeddable":true,"href":"https:\/\/www.argensend.com\/en\/wp-json\/wp\/v2\/comments?post=91760"}],"version-history":[{"count":2,"href":"https:\/\/www.argensend.com\/en\/wp-json\/wp\/v2\/product\/91760\/revisions"}],"predecessor-version":[{"id":106116,"href":"https:\/\/www.argensend.com\/en\/wp-json\/wp\/v2\/product\/91760\/revisions\/106116"}],"wp:featuredmedia":[{"embeddable":true,"href":"https:\/\/www.argensend.com\/en\/wp-json\/wp\/v2\/media\/91761"}],"wp:attachment":[{"href":"https:\/\/www.argensend.com\/en\/wp-json\/wp\/v2\/media?parent=91760"}],"wp:term":[{"taxonomy":"brand","embeddable":true,"href":"https:\/\/www.argensend.com\/en\/wp-json\/wp\/v2\/etheme_brands?post=91760"},{"taxonomy":"product_brand","embeddable":true,"href":"https:\/\/www.argensend.com\/en\/wp-json\/wp\/v2\/product_brand?post=91760"},{"taxonomy":"product_cat","embeddable":true,"href":"https:\/\/www.argensend.com\/en\/wp-json\/wp\/v2\/product_cat?post=91760"},{"taxonomy":"product_tag","embeddable":true,"href":"https:\/\/www.argensend.com\/en\/wp-json\/wp\/v2\/product_tag?post=91760"}],"curies":[{"name":"wp","href":"https:\/\/api.w.org\/{rel}","templated":true}]}}