{"id":91781,"date":"2024-01-15T13:09:16","date_gmt":"2024-01-15T16:09:16","guid":{"rendered":"https:\/\/www.argensend.com\/?post_type=product&#038;p=91781"},"modified":"2024-12-06T16:43:34","modified_gmt":"2024-12-06T19:43:34","slug":"una-vez-en-los-andes-ignacio-martinez","status":"publish","type":"product","link":"https:\/\/www.argensend.com\/en\/product\/una-vez-en-los-andes-ignacio-martinez\/","title":{"rendered":"Una Vez en Los Andes &#8211; Ignacio Mart\u00ednez"},"content":{"rendered":"<div class=\"sinopsi-intro\">\n<h3>Sinopsis de Una Vez En Los Andes<\/h3>\n<\/div>\n<div class=\"frase-mkt\">\n<h4>Vengo de un avi\u00f3n que cay\u00f3 en las monta\u00f1as.<\/h4>\n<div class=\"p_leer_menos\">\n<p>Recrea la incre\u00edble proeza que vivieron un grupo de estudiantes y jugadores de rugby hace m\u00e1s de cuarenta a\u00f1os. Es la historia narrada por un abuelo que quiere dejarle como legado a su familia, sus vivencias y las del grupo que sobrevivi\u00f3 con \u00e9l en aquella tragedia que conmocion\u00f3 al mundo. Esa experiencia lo marc\u00f3 para siempre, lo acompa\u00f1a todo el tiempo y en esta historia esos recuerdos estar\u00e1n presentes y ser\u00e1n el centro de un emotivo encuentro con sus nietos. Es la peripecia de hombres y mujeres, casi todos muy j\u00f3venes, que vivieron, sufrieron, so\u00f1aron y construyeron la esperanza, pr\u00e1cticamente de la nada, entre el cielo y la nieve, intentando, por sobre todas las cosas, aferrarse a la vida y al amor por vivir.<\/p>\n<\/div>\n<\/div>\n<p>Autor: Ignacio Mart\u00ednez<br \/>\nEditorial: Planeta<br \/>\nFecha Publicaci\u00f3n: 2016<br \/>\nP\u00e1ginas: 156<br \/>\nIdioma: Castellano Occidental<br \/>\nPresentaci\u00f3n: Tabla Blanda<br \/>\nISBN: 9789504954217<\/p>","protected":false},"excerpt":{"rendered":"<p>Es la peripecia de hombres y mujeres, casi todos muy j\u00f3venes, que vivieron, sufrieron, so\u00f1aron y construyeron la esperanza, pr\u00e1cticamente de la nada, entre el cielo y la nieve, intentando, por sobre todas las cosas, aferrarse a la vida y al amor por vivir.<\/p>","protected":false},"featured_media":91797,"comment_status":"closed","ping_status":"closed","template":"","meta":{"_acf_changed":false,"om_disable_all_campaigns":false,"_monsterinsights_skip_tracking":false,"_monsterinsights_sitenote_active":false,"_monsterinsights_sitenote_note":"","_monsterinsights_sitenote_category":0},"etheme_brands":[],"product_brand":[],"product_cat":[685,4227],"product_tag":[755,10123,7997,10133,10121,10120,10132],"class_list":{"0":"post-91781","1":"product","2":"type-product","3":"status-publish","4":"has-post-thumbnail","6":"product_cat-libros","7":"product_cat-libros-infantiles-juveniles","8":"product_tag-book","9":"product_tag-cordillera-de-los-andes","10":"product_tag-editorial","11":"product_tag-ignacio-martinez","12":"product_tag-milagro-de-los-andes","13":"product_tag-tragedia-de-los-andes","14":"product_tag-una-vez-en-los-andes","16":"first","17":"instock","18":"taxable","19":"shipping-taxable","20":"purchasable","21":"product-type-simple"},"acf":[],"aioseo_notices":[],"_links":{"self":[{"href":"https:\/\/www.argensend.com\/en\/wp-json\/wp\/v2\/product\/91781","targetHints":{"allow":["GET"]}}],"collection":[{"href":"https:\/\/www.argensend.com\/en\/wp-json\/wp\/v2\/product"}],"about":[{"href":"https:\/\/www.argensend.com\/en\/wp-json\/wp\/v2\/types\/product"}],"replies":[{"embeddable":true,"href":"https:\/\/www.argensend.com\/en\/wp-json\/wp\/v2\/comments?post=91781"}],"version-history":[{"count":2,"href":"https:\/\/www.argensend.com\/en\/wp-json\/wp\/v2\/product\/91781\/revisions"}],"predecessor-version":[{"id":106410,"href":"https:\/\/www.argensend.com\/en\/wp-json\/wp\/v2\/product\/91781\/revisions\/106410"}],"wp:featuredmedia":[{"embeddable":true,"href":"https:\/\/www.argensend.com\/en\/wp-json\/wp\/v2\/media\/91797"}],"wp:attachment":[{"href":"https:\/\/www.argensend.com\/en\/wp-json\/wp\/v2\/media?parent=91781"}],"wp:term":[{"taxonomy":"brand","embeddable":true,"href":"https:\/\/www.argensend.com\/en\/wp-json\/wp\/v2\/etheme_brands?post=91781"},{"taxonomy":"product_brand","embeddable":true,"href":"https:\/\/www.argensend.com\/en\/wp-json\/wp\/v2\/product_brand?post=91781"},{"taxonomy":"product_cat","embeddable":true,"href":"https:\/\/www.argensend.com\/en\/wp-json\/wp\/v2\/product_cat?post=91781"},{"taxonomy":"product_tag","embeddable":true,"href":"https:\/\/www.argensend.com\/en\/wp-json\/wp\/v2\/product_tag?post=91781"}],"curies":[{"name":"wp","href":"https:\/\/api.w.org\/{rel}","templated":true}]}}