{"id":92008,"date":"2024-01-19T09:07:13","date_gmt":"2024-01-19T12:07:13","guid":{"rendered":"https:\/\/www.argensend.com\/?post_type=product&#038;p=92008"},"modified":"2025-04-09T12:54:57","modified_gmt":"2025-04-09T15:54:57","slug":"boca-juniors-camiseta-de-entrenamiento-boca-jrs-hombre","status":"publish","type":"product","link":"https:\/\/www.argensend.com\/en\/product\/boca-juniors-camiseta-de-entrenamiento-boca-jrs-hombre\/","title":{"rendered":"Boca Juniors &#8211; Camiseta de Entrenamiento Boca Jrs Hombre"},"content":{"rendered":"<p><strong>Importante: <\/strong>Especificar el talle elegido en el espacio de notas al finalizar su pedido.<\/p>","protected":false},"excerpt":{"rendered":"<div class=\"productDescription open\">\u2022Esta nueva camiseta titular de Boca Juniors adidas une la pasi\u00f3n y el barrio con diferentes tonos que logran un efecto visual y una prominente franja central que resaltan sus colores, el azul y oro.<br \/>\n\u2022Un dise\u00f1o innovador para un equipo en constante evoluci\u00f3n.<br \/>\n\u2022Su tejido ligero, los modernos paneles de mesh y la tecnolog\u00eda de absorci\u00f3n AEROREADY se combinan para mantener c\u00f3modos a los hinchas del club.<br \/>\n\u2022Corte cl\u00e1sicoTejido piqu\u00e9 100 % poli\u00e9ster reciclado.Paneles de mesh bajo los brazos.<br \/>\n\u2022Tecnolog\u00eda de absorci\u00f3n AEROREADY.Pu\u00f1os acanalados.<br \/>\n\u2022Escudo de Boca Juniors tejido.<\/div>\n<div>Talles: XS \/ S \/ M \/ L \/ XL \/ XXL \/ XXXL<\/div>","protected":false},"featured_media":92009,"comment_status":"closed","ping_status":"closed","template":"","meta":{"_acf_changed":false,"om_disable_all_campaigns":false,"_monsterinsights_skip_tracking":false,"_monsterinsights_sitenote_active":false,"_monsterinsights_sitenote_note":"","_monsterinsights_sitenote_category":0},"etheme_brands":[],"product_brand":[],"product_cat":[1025],"product_tag":[669,9340,1125,203,714,666,1050,10681,10680,1063,3704,3302],"class_list":{"0":"post-92008","1":"product","2":"type-product","3":"status-publish","4":"has-post-thumbnail","6":"product_cat-boca-juniors","7":"product_tag-adidas","8":"product_tag-aletrnativa","9":"product_tag-alternativa","10":"product_tag-argentina","11":"product_tag-azul","12":"product_tag-boca","13":"product_tag-futbol","14":"product_tag-indufutbol","15":"product_tag-indumentaria_futbol","16":"product_tag-juniors","17":"product_tag-oro","18":"product_tag-shirt","20":"first","21":"instock","22":"taxable","23":"shipping-taxable","24":"purchasable","25":"product-type-simple"},"acf":[],"aioseo_notices":[],"_links":{"self":[{"href":"https:\/\/www.argensend.com\/en\/wp-json\/wp\/v2\/product\/92008","targetHints":{"allow":["GET"]}}],"collection":[{"href":"https:\/\/www.argensend.com\/en\/wp-json\/wp\/v2\/product"}],"about":[{"href":"https:\/\/www.argensend.com\/en\/wp-json\/wp\/v2\/types\/product"}],"replies":[{"embeddable":true,"href":"https:\/\/www.argensend.com\/en\/wp-json\/wp\/v2\/comments?post=92008"}],"version-history":[{"count":2,"href":"https:\/\/www.argensend.com\/en\/wp-json\/wp\/v2\/product\/92008\/revisions"}],"predecessor-version":[{"id":98887,"href":"https:\/\/www.argensend.com\/en\/wp-json\/wp\/v2\/product\/92008\/revisions\/98887"}],"wp:featuredmedia":[{"embeddable":true,"href":"https:\/\/www.argensend.com\/en\/wp-json\/wp\/v2\/media\/92009"}],"wp:attachment":[{"href":"https:\/\/www.argensend.com\/en\/wp-json\/wp\/v2\/media?parent=92008"}],"wp:term":[{"taxonomy":"brand","embeddable":true,"href":"https:\/\/www.argensend.com\/en\/wp-json\/wp\/v2\/etheme_brands?post=92008"},{"taxonomy":"product_brand","embeddable":true,"href":"https:\/\/www.argensend.com\/en\/wp-json\/wp\/v2\/product_brand?post=92008"},{"taxonomy":"product_cat","embeddable":true,"href":"https:\/\/www.argensend.com\/en\/wp-json\/wp\/v2\/product_cat?post=92008"},{"taxonomy":"product_tag","embeddable":true,"href":"https:\/\/www.argensend.com\/en\/wp-json\/wp\/v2\/product_tag?post=92008"}],"curies":[{"name":"wp","href":"https:\/\/api.w.org\/{rel}","templated":true}]}}