{"id":92130,"date":"2024-01-23T09:47:27","date_gmt":"2024-01-23T12:47:27","guid":{"rendered":"https:\/\/www.argensend.com\/?post_type=product&#038;p=92130"},"modified":"2024-12-06T16:43:50","modified_gmt":"2024-12-06T19:43:50","slug":"pocas-pistas-juego-de-mesa-edicion-viaje-original-bontus-2","status":"publish","type":"product","link":"https:\/\/www.argensend.com\/en\/product\/pocas-pistas-juego-de-mesa-edicion-viaje-original-bontus-2\/","title":{"rendered":"Bontus &#8211; Abrecabezas JR"},"content":{"rendered":"","protected":false},"excerpt":{"rendered":"<p>En equipo o individualmente, Abrecabezas Jr. es pura diversi\u00f3n para compartir con amigos y en familia, a la vez que descubren y ejercitan sus distintas capacidades! Golp\u00e9ate el pecho como si fueras King Kong; modela un delf\u00edn, d\u00ed la palabra &#8220;Coraz\u00f3n&#8221; al rev\u00e9s; o silba\/ tararea &#8220;la cucaracha&#8221;, siempre intentando que los dem\u00e1s reconozcan tu obra! 2 niveles de juego. 336 actividades! Un mazo de 56 cartas con 336 actividades, para grandes y ni\u00f1os. 1 paquete de masa para modelar de 70 gr. Una bolsita con cierre para guardar la masa. 48 fichas de puntos e instrucciones de juego.<\/p>","protected":false},"featured_media":92131,"comment_status":"closed","ping_status":"closed","template":"","meta":{"_acf_changed":false,"om_disable_all_campaigns":false,"_monsterinsights_skip_tracking":false,"_monsterinsights_sitenote_active":false,"_monsterinsights_sitenote_note":"","_monsterinsights_sitenote_category":0},"etheme_brands":[],"product_brand":[],"product_cat":[2237],"product_tag":[10456,639],"class_list":{"0":"post-92130","1":"product","2":"type-product","3":"status-publish","4":"has-post-thumbnail","6":"product_cat-juegos-cartas","7":"product_tag-bontus","8":"product_tag-juego-de-mesa","10":"first","11":"instock","12":"taxable","13":"shipping-taxable","14":"purchasable","15":"product-type-simple"},"acf":[],"aioseo_notices":[],"_links":{"self":[{"href":"https:\/\/www.argensend.com\/en\/wp-json\/wp\/v2\/product\/92130","targetHints":{"allow":["GET"]}}],"collection":[{"href":"https:\/\/www.argensend.com\/en\/wp-json\/wp\/v2\/product"}],"about":[{"href":"https:\/\/www.argensend.com\/en\/wp-json\/wp\/v2\/types\/product"}],"replies":[{"embeddable":true,"href":"https:\/\/www.argensend.com\/en\/wp-json\/wp\/v2\/comments?post=92130"}],"version-history":[{"count":5,"href":"https:\/\/www.argensend.com\/en\/wp-json\/wp\/v2\/product\/92130\/revisions"}],"predecessor-version":[{"id":115644,"href":"https:\/\/www.argensend.com\/en\/wp-json\/wp\/v2\/product\/92130\/revisions\/115644"}],"wp:featuredmedia":[{"embeddable":true,"href":"https:\/\/www.argensend.com\/en\/wp-json\/wp\/v2\/media\/92131"}],"wp:attachment":[{"href":"https:\/\/www.argensend.com\/en\/wp-json\/wp\/v2\/media?parent=92130"}],"wp:term":[{"taxonomy":"brand","embeddable":true,"href":"https:\/\/www.argensend.com\/en\/wp-json\/wp\/v2\/etheme_brands?post=92130"},{"taxonomy":"product_brand","embeddable":true,"href":"https:\/\/www.argensend.com\/en\/wp-json\/wp\/v2\/product_brand?post=92130"},{"taxonomy":"product_cat","embeddable":true,"href":"https:\/\/www.argensend.com\/en\/wp-json\/wp\/v2\/product_cat?post=92130"},{"taxonomy":"product_tag","embeddable":true,"href":"https:\/\/www.argensend.com\/en\/wp-json\/wp\/v2\/product_tag?post=92130"}],"curies":[{"name":"wp","href":"https:\/\/api.w.org\/{rel}","templated":true}]}}