{"id":92961,"date":"2024-01-30T10:27:22","date_gmt":"2024-01-30T13:27:22","guid":{"rendered":"https:\/\/www.argensend.com\/?post_type=product&#038;p=92961"},"modified":"2025-08-05T08:35:26","modified_gmt":"2025-08-05T11:35:26","slug":"sagrada-madre-sahumador-acero-colgante","status":"publish","type":"product","link":"https:\/\/www.argensend.com\/en\/product\/sagrada-madre-sahumador-acero-colgante\/","title":{"rendered":"Sagrada Madre &#8211; SAhumador Acero Colgante"},"content":{"rendered":"","protected":false},"excerpt":{"rendered":"<p>Un sahumador, tambi\u00e9n llamado incensario, es un instrumento de cer\u00e1mica, barro o metal que se utiliza para la quema de hierbas y resinas. El humo que resulta de esta combusti\u00f3n se utiliza milenariamente para limpiar o purificar a las personas, casas, ambientes de trabajo y lugares de meditaci\u00f3n.<\/p>\n<p>\u2022 Marca: Sagrada madre.<br \/>\n\u2022 Tipo: Sahumador Acero<br \/>\n\u2022 Medidas : 5,5 Cm de Alto y 10 cm de Alto<\/p>\n<p>&nbsp;<\/p>","protected":false},"featured_media":92962,"comment_status":"closed","ping_status":"closed","template":"","meta":{"_acf_changed":false,"om_disable_all_campaigns":false,"_monsterinsights_skip_tracking":false,"_monsterinsights_sitenote_active":false,"_monsterinsights_sitenote_note":"","_monsterinsights_sitenote_category":0},"etheme_brands":[],"product_brand":[],"product_cat":[3944,8794,606],"product_tag":[9566,867,9569,9567,9564,9565,615],"class_list":{"0":"post-92961","1":"product","2":"type-product","3":"status-publish","4":"has-post-thumbnail","6":"product_cat-articulos-decorativos","7":"product_cat-bazar","8":"product_cat-cocina-deco-bazar","9":"product_tag-abundancia","10":"product_tag-amor","11":"product_tag-energetico","12":"product_tag-prosperidad","13":"product_tag-sagrada-madre","14":"product_tag-sahumos","15":"product_tag-trabajo","17":"first","18":"instock","19":"taxable","20":"shipping-taxable","21":"purchasable","22":"product-type-simple"},"acf":[],"aioseo_notices":[],"_links":{"self":[{"href":"https:\/\/www.argensend.com\/en\/wp-json\/wp\/v2\/product\/92961","targetHints":{"allow":["GET"]}}],"collection":[{"href":"https:\/\/www.argensend.com\/en\/wp-json\/wp\/v2\/product"}],"about":[{"href":"https:\/\/www.argensend.com\/en\/wp-json\/wp\/v2\/types\/product"}],"replies":[{"embeddable":true,"href":"https:\/\/www.argensend.com\/en\/wp-json\/wp\/v2\/comments?post=92961"}],"version-history":[{"count":2,"href":"https:\/\/www.argensend.com\/en\/wp-json\/wp\/v2\/product\/92961\/revisions"}],"predecessor-version":[{"id":107687,"href":"https:\/\/www.argensend.com\/en\/wp-json\/wp\/v2\/product\/92961\/revisions\/107687"}],"wp:featuredmedia":[{"embeddable":true,"href":"https:\/\/www.argensend.com\/en\/wp-json\/wp\/v2\/media\/92962"}],"wp:attachment":[{"href":"https:\/\/www.argensend.com\/en\/wp-json\/wp\/v2\/media?parent=92961"}],"wp:term":[{"taxonomy":"brand","embeddable":true,"href":"https:\/\/www.argensend.com\/en\/wp-json\/wp\/v2\/etheme_brands?post=92961"},{"taxonomy":"product_brand","embeddable":true,"href":"https:\/\/www.argensend.com\/en\/wp-json\/wp\/v2\/product_brand?post=92961"},{"taxonomy":"product_cat","embeddable":true,"href":"https:\/\/www.argensend.com\/en\/wp-json\/wp\/v2\/product_cat?post=92961"},{"taxonomy":"product_tag","embeddable":true,"href":"https:\/\/www.argensend.com\/en\/wp-json\/wp\/v2\/product_tag?post=92961"}],"curies":[{"name":"wp","href":"https:\/\/api.w.org\/{rel}","templated":true}]}}