{"id":9339,"date":"2020-08-26T20:02:23","date_gmt":"2020-08-26T23:02:23","guid":{"rendered":"https:\/\/www.argensend.com\/?post_type=product&#038;p=9339"},"modified":"2024-12-06T15:54:00","modified_gmt":"2024-12-06T18:54:00","slug":"mini-mate-de-silicona-mini-silicone-mate","status":"publish","type":"product","link":"https:\/\/www.argensend.com\/en\/product\/mini-mate-de-silicona-mini-silicone-mate\/","title":{"rendered":"Mini Mate de Silicona"},"content":{"rendered":"<p>Mateo Mini es la versi\u00f3n m\u00e1s peque\u00f1a de Mateo.<\/p>\n<p>Contempla principalmente al usuario que toma solo o pocos mates y para ello no necesita un mate que cargue mucha yerba. Tambi\u00e9n es el mate ideal para los m\u00e1s peque\u00f1os. Principalmente innova en su \u201csistema de vaciado\u201d. No fija gusto ni olores. No fija bacterias. Es un material t\u00e9rmico; mantiene la temperatura de la yerba sin trasmitir calor ala mano.<\/p>\n<p>Por \u00faltimo, un punto importante a destacar, es flexible e irrompible, que lo convierte en el mate ideal para transportar.<\/p>","protected":false},"excerpt":{"rendered":"<p>Mateo Mini es la versi\u00f3n m\u00e1s peque\u00f1a de Mateo. Contempla principalmente al usuario que toma solo o pocos mates y para ello no necesita un&#8230;<\/p>","protected":false},"featured_media":9341,"comment_status":"closed","ping_status":"closed","template":"","meta":{"_acf_changed":false,"om_disable_all_campaigns":false,"_monsterinsights_skip_tracking":false,"_monsterinsights_sitenote_active":false,"_monsterinsights_sitenote_note":"","_monsterinsights_sitenote_category":0},"etheme_brands":[],"product_brand":[],"product_cat":[3008],"product_tag":[203,234,224,4459,5835,5833,1160,165,1304,3389,3392,5892],"class_list":{"0":"post-9339","1":"product","2":"type-product","3":"status-publish","4":"has-post-thumbnail","6":"product_cat-mates","7":"product_tag-argentina","8":"product_tag-argentine","9":"product_tag-argentino","10":"product_tag-cleaning","11":"product_tag-easy","12":"product_tag-facil","13":"product_tag-limpieza","14":"product_tag-mate","15":"product_tag-mini","16":"product_tag-silicona","17":"product_tag-silicone","18":"product_tag-yterba","20":"first","21":"instock","22":"sale","23":"taxable","24":"shipping-taxable","25":"purchasable","26":"product-type-simple"},"acf":[],"aioseo_notices":[],"_links":{"self":[{"href":"https:\/\/www.argensend.com\/en\/wp-json\/wp\/v2\/product\/9339","targetHints":{"allow":["GET"]}}],"collection":[{"href":"https:\/\/www.argensend.com\/en\/wp-json\/wp\/v2\/product"}],"about":[{"href":"https:\/\/www.argensend.com\/en\/wp-json\/wp\/v2\/types\/product"}],"replies":[{"embeddable":true,"href":"https:\/\/www.argensend.com\/en\/wp-json\/wp\/v2\/comments?post=9339"}],"version-history":[{"count":3,"href":"https:\/\/www.argensend.com\/en\/wp-json\/wp\/v2\/product\/9339\/revisions"}],"predecessor-version":[{"id":103535,"href":"https:\/\/www.argensend.com\/en\/wp-json\/wp\/v2\/product\/9339\/revisions\/103535"}],"wp:featuredmedia":[{"embeddable":true,"href":"https:\/\/www.argensend.com\/en\/wp-json\/wp\/v2\/media\/9341"}],"wp:attachment":[{"href":"https:\/\/www.argensend.com\/en\/wp-json\/wp\/v2\/media?parent=9339"}],"wp:term":[{"taxonomy":"brand","embeddable":true,"href":"https:\/\/www.argensend.com\/en\/wp-json\/wp\/v2\/etheme_brands?post=9339"},{"taxonomy":"product_brand","embeddable":true,"href":"https:\/\/www.argensend.com\/en\/wp-json\/wp\/v2\/product_brand?post=9339"},{"taxonomy":"product_cat","embeddable":true,"href":"https:\/\/www.argensend.com\/en\/wp-json\/wp\/v2\/product_cat?post=9339"},{"taxonomy":"product_tag","embeddable":true,"href":"https:\/\/www.argensend.com\/en\/wp-json\/wp\/v2\/product_tag?post=9339"}],"curies":[{"name":"wp","href":"https:\/\/api.w.org\/{rel}","templated":true}]}}