{"id":9847,"date":"2020-09-09T18:21:26","date_gmt":"2020-09-09T21:21:26","guid":{"rendered":"https:\/\/www.argensend.com\/?post_type=product&#038;p=9847"},"modified":"2024-12-06T15:54:14","modified_gmt":"2024-12-06T18:54:14","slug":"satial-food-carb-controller-powder-dietary-supplement-with-soy-protein-white-bean-extract-carb-blocker-50-g-1-76-oz","status":"publish","type":"product","link":"https:\/\/www.argensend.com\/en\/product\/satial-food-carb-controller-powder-dietary-supplement-with-soy-protein-white-bean-extract-carb-blocker-50-g-1-76-oz\/","title":{"rendered":"SaT\u00edal Food Carb controller Powder Dietary Supplement With Soy Protein &#8211; White Bean Extract Carb Blocker, 50gr (176 oz)"},"content":{"rendered":"<p><b>Satial<\/b>\u00a0food es un complemento de la alimentaci\u00f3n elaborado a base de ingredientes naturales que han demostrado en ensayos precl\u00ednicos y cl\u00ednicos su capacidad de disminuir la absorci\u00f3n de hidratos de carbono. Siendo su materia prima original, el primer y \u00fanico bloqueador de hidratos de carbono.<\/p>\n<p>&nbsp;<\/p>\n<p>Satial food is a food supplement made from natural ingredients that have demonstrated in preclinical and clinical trials their ability to reduce the absorption of carbohydrates. Being its original raw material, the first and only carbohydrate blocker.<\/p>","protected":false},"excerpt":{"rendered":"<p>Satial\u00a0food es un complemento de la alimentaci\u00f3n elaborado a base de ingredientes naturales que han demostrado en ensayos precl\u00ednicos y cl\u00ednicos su capacidad de disminuir&#8230;<\/p>","protected":false},"featured_media":9849,"comment_status":"closed","ping_status":"closed","template":"","meta":{"_acf_changed":false,"om_disable_all_campaigns":false,"_monsterinsights_skip_tracking":false,"_monsterinsights_sitenote_active":false,"_monsterinsights_sitenote_note":"","_monsterinsights_sitenote_category":0},"etheme_brands":[],"product_brand":[],"product_cat":[8819],"product_tag":[],"class_list":{"0":"post-9847","1":"product","2":"type-product","3":"status-publish","4":"has-post-thumbnail","6":"product_cat-farmacia","8":"first","9":"instock","10":"taxable","11":"shipping-taxable","12":"purchasable","13":"product-type-simple"},"acf":[],"aioseo_notices":[],"_links":{"self":[{"href":"https:\/\/www.argensend.com\/en\/wp-json\/wp\/v2\/product\/9847","targetHints":{"allow":["GET"]}}],"collection":[{"href":"https:\/\/www.argensend.com\/en\/wp-json\/wp\/v2\/product"}],"about":[{"href":"https:\/\/www.argensend.com\/en\/wp-json\/wp\/v2\/types\/product"}],"replies":[{"embeddable":true,"href":"https:\/\/www.argensend.com\/en\/wp-json\/wp\/v2\/comments?post=9847"}],"version-history":[{"count":4,"href":"https:\/\/www.argensend.com\/en\/wp-json\/wp\/v2\/product\/9847\/revisions"}],"predecessor-version":[{"id":106823,"href":"https:\/\/www.argensend.com\/en\/wp-json\/wp\/v2\/product\/9847\/revisions\/106823"}],"wp:featuredmedia":[{"embeddable":true,"href":"https:\/\/www.argensend.com\/en\/wp-json\/wp\/v2\/media\/9849"}],"wp:attachment":[{"href":"https:\/\/www.argensend.com\/en\/wp-json\/wp\/v2\/media?parent=9847"}],"wp:term":[{"taxonomy":"brand","embeddable":true,"href":"https:\/\/www.argensend.com\/en\/wp-json\/wp\/v2\/etheme_brands?post=9847"},{"taxonomy":"product_brand","embeddable":true,"href":"https:\/\/www.argensend.com\/en\/wp-json\/wp\/v2\/product_brand?post=9847"},{"taxonomy":"product_cat","embeddable":true,"href":"https:\/\/www.argensend.com\/en\/wp-json\/wp\/v2\/product_cat?post=9847"},{"taxonomy":"product_tag","embeddable":true,"href":"https:\/\/www.argensend.com\/en\/wp-json\/wp\/v2\/product_tag?post=9847"}],"curies":[{"name":"wp","href":"https:\/\/api.w.org\/{rel}","templated":true}]}}