{"id":9933,"date":"2020-09-11T14:28:48","date_gmt":"2020-09-11T17:28:48","guid":{"rendered":"https:\/\/www.argensend.com\/?post_type=product&#038;p=9933"},"modified":"2025-04-21T14:13:28","modified_gmt":"2025-04-21T17:13:28","slug":"la-virginia-cafe-instantaneo-clasico-frasco-170-gr-classic-instant-coffee-flask-5-99-oz","status":"publish","type":"product","link":"https:\/\/www.argensend.com\/en\/product\/la-virginia-cafe-instantaneo-clasico-frasco-170-gr-classic-instant-coffee-flask-5-99-oz\/","title":{"rendered":"La Virginia &#8211; Caf\u00e9 Instant\u00e1neo Cl\u00e1sico Frasco 170gr"},"content":{"rendered":"","protected":false},"excerpt":{"rendered":"","protected":false},"featured_media":9935,"comment_status":"closed","ping_status":"closed","template":"","meta":{"_acf_changed":false,"om_disable_all_campaigns":false,"_monsterinsights_skip_tracking":false,"_monsterinsights_sitenote_active":false,"_monsterinsights_sitenote_note":"","_monsterinsights_sitenote_category":0,"jetpack_post_was_ever_published":false},"etheme_brands":[],"product_brand":[],"product_cat":[2126],"product_tag":[203,234,224,1275,3009,5147,4350,3407,3406,5581,9997],"class_list":{"0":"post-9933","1":"product","2":"type-product","3":"status-publish","4":"has-post-thumbnail","6":"product_cat-cafe","7":"product_tag-argentina","8":"product_tag-argentine","9":"product_tag-argentino","10":"product_tag-cafe","11":"product_tag-coffee","12":"product_tag-flask","13":"product_tag-frasco","14":"product_tag-instant","15":"product_tag-instantaneo","16":"product_tag-la-virginia","17":"product_tag-t10bi","19":"first","20":"instock","21":"taxable","22":"shipping-taxable","23":"purchasable","24":"product-type-simple"},"acf":[],"aioseo_notices":[],"jetpack_sharing_enabled":true,"_links":{"self":[{"href":"https:\/\/www.argensend.com\/en\/wp-json\/wp\/v2\/product\/9933","targetHints":{"allow":["GET"]}}],"collection":[{"href":"https:\/\/www.argensend.com\/en\/wp-json\/wp\/v2\/product"}],"about":[{"href":"https:\/\/www.argensend.com\/en\/wp-json\/wp\/v2\/types\/product"}],"replies":[{"embeddable":true,"href":"https:\/\/www.argensend.com\/en\/wp-json\/wp\/v2\/comments?post=9933"}],"version-history":[{"count":2,"href":"https:\/\/www.argensend.com\/en\/wp-json\/wp\/v2\/product\/9933\/revisions"}],"predecessor-version":[{"id":102878,"href":"https:\/\/www.argensend.com\/en\/wp-json\/wp\/v2\/product\/9933\/revisions\/102878"}],"wp:featuredmedia":[{"embeddable":true,"href":"https:\/\/www.argensend.com\/en\/wp-json\/wp\/v2\/media\/9935"}],"wp:attachment":[{"href":"https:\/\/www.argensend.com\/en\/wp-json\/wp\/v2\/media?parent=9933"}],"wp:term":[{"taxonomy":"brand","embeddable":true,"href":"https:\/\/www.argensend.com\/en\/wp-json\/wp\/v2\/etheme_brands?post=9933"},{"taxonomy":"product_brand","embeddable":true,"href":"https:\/\/www.argensend.com\/en\/wp-json\/wp\/v2\/product_brand?post=9933"},{"taxonomy":"product_cat","embeddable":true,"href":"https:\/\/www.argensend.com\/en\/wp-json\/wp\/v2\/product_cat?post=9933"},{"taxonomy":"product_tag","embeddable":true,"href":"https:\/\/www.argensend.com\/en\/wp-json\/wp\/v2\/product_tag?post=9933"}],"curies":[{"name":"wp","href":"https:\/\/api.w.org\/{rel}","templated":true}]}}